{"id":2922,"date":"2024-05-22T03:42:44","date_gmt":"2024-05-22T03:42:44","guid":{"rendered":"https:\/\/thepixelcurve.com\/wp\/techwix\/?page_id=2922"},"modified":"2026-03-04T18:52:24","modified_gmt":"2026-03-04T21:52:24","slug":"servicios","status":"publish","type":"page","link":"https:\/\/www.ciberconsulting.cl\/?page_id=2922","title":{"rendered":"Servicios"},"content":{"rendered":"\t\t<div data-elementor-type=\"wp-page\" data-elementor-id=\"2922\" class=\"elementor elementor-2922\" data-elementor-post-type=\"page\">\n\t\t\t\t<div class=\"elementor-element elementor-element-a701d9c e-flex e-con-boxed e-con e-parent\" data-id=\"a701d9c\" data-element_type=\"container\" data-e-type=\"container\" data-settings=\"{&quot;background_background&quot;:&quot;classic&quot;}\">\n\t\t\t\t\t<div class=\"e-con-inner\">\n\t\t<div class=\"elementor-element elementor-element-46afe1d e-con-full e-flex e-con e-child\" data-id=\"46afe1d\" data-element_type=\"container\" data-e-type=\"container\">\n\t\t<div class=\"elementor-element elementor-element-02ec311 e-con-full e-flex e-con e-child\" data-id=\"02ec311\" data-element_type=\"container\" data-e-type=\"container\">\n\t\t\t\t<div class=\"elementor-element elementor-element-0d28689 elementor-invisible elementor-widget elementor-widget-custom-title-addons\" data-id=\"0d28689\" data-element_type=\"widget\" data-e-type=\"widget\" data-settings=\"{&quot;_animation&quot;:&quot;techwix--slide-up&quot;}\" data-widget_type=\"custom-title-addons.default\">\n\t\t\t\t<div class=\"elementor-widget-container\">\n\t\t\t\t\t<div class=\"tpc-double_heading\"><div class=\"dbl__subtitle\"><span>Un Ecosistema, todas las respuestas<\/span><\/div><h3 class=\"dbl__title-wrapper\"><span class=\"dbl__title dbl-title_1\">Soluciones de Gobernanza Digital<\/span><\/h3><\/div>\t\t\t\t<\/div>\n\t\t\t\t<\/div>\n\t\t<div class=\"elementor-element elementor-element-500e26b e-con-full e-flex e-con e-child\" data-id=\"500e26b\" data-element_type=\"container\" data-e-type=\"container\">\n\t\t<div class=\"elementor-element elementor-element-382cb4b e-con-full e-flex e-con e-child\" data-id=\"382cb4b\" data-element_type=\"container\" data-e-type=\"container\">\n\t\t\t\t<div class=\"elementor-element elementor-element-4374ff1 elementor-widget elementor-widget-text-editor\" data-id=\"4374ff1\" data-element_type=\"widget\" data-e-type=\"widget\" data-widget_type=\"text-editor.default\">\n\t\t\t\t<div class=\"elementor-widget-container\">\n\t\t\t\t\t\t\t\t\t<h4><span data-path-to-node=\"5,1\"><span class=\"citation-348\">En Ciberconsulting, no entregamos herramientas aisladas; articulamos un ecosistema de blindaje jur\u00eddico.<\/span><span class=\"citation-348\">\u00a0Abordamos la ciberseguridad desde la normativa vigente, asegurando que cada control t\u00e9cnico sea una respuesta directa a una exigencia legal espec\u00edfica<\/span><\/span><span data-path-to-node=\"5,3\">.<\/span><\/h4>\t\t\t\t\t\t\t\t<\/div>\n\t\t\t\t<\/div>\n\t\t\t\t<\/div>\n\t\t\t\t<\/div>\n\t\t\t\t<\/div>\n\t\t<div class=\"elementor-element elementor-element-95cb8fd e-con-full e-flex e-con e-child\" data-id=\"95cb8fd\" data-element_type=\"container\" data-e-type=\"container\">\n\t\t\t\t<div class=\"elementor-element elementor-element-fdd64a5 elementor-widget elementor-widget-image\" data-id=\"fdd64a5\" data-element_type=\"widget\" data-e-type=\"widget\" data-widget_type=\"image.default\">\n\t\t\t\t<div class=\"elementor-widget-container\">\n\t\t\t\t\t\t\t\t\t\t\t\t\t\t\t<img fetchpriority=\"high\" decoding=\"async\" width=\"640\" height=\"360\" src=\"https:\/\/www.ciberconsulting.cl\/wp-content\/uploads\/2026\/02\/90016-1024x576.jpg\" class=\"attachment-large size-large wp-image-17179\" alt=\"\" srcset=\"https:\/\/www.ciberconsulting.cl\/wp-content\/uploads\/2026\/02\/90016-1024x576.jpg 1024w, https:\/\/www.ciberconsulting.cl\/wp-content\/uploads\/2026\/02\/90016-300x169.jpg 300w, https:\/\/www.ciberconsulting.cl\/wp-content\/uploads\/2026\/02\/90016-768x432.jpg 768w, https:\/\/www.ciberconsulting.cl\/wp-content\/uploads\/2026\/02\/90016-1536x864.jpg 1536w, https:\/\/www.ciberconsulting.cl\/wp-content\/uploads\/2026\/02\/90016.jpg 2000w\" sizes=\"(max-width: 640px) 100vw, 640px\" \/>\t\t\t\t\t\t\t\t\t\t\t\t\t\t\t<\/div>\n\t\t\t\t<\/div>\n\t\t\t\t<\/div>\n\t\t\t\t<\/div>\n\t\t\t\t\t<\/div>\n\t\t\t\t<\/div>\n\t\t<div class=\"elementor-element elementor-element-c895f8a e-flex e-con-boxed e-con e-parent\" data-id=\"c895f8a\" data-element_type=\"container\" data-e-type=\"container\" data-settings=\"{&quot;background_background&quot;:&quot;classic&quot;}\">\n\t\t\t\t\t<div class=\"e-con-inner\">\n\t\t<div class=\"elementor-element elementor-element-1c284ef e-con-full e-flex e-con e-child\" data-id=\"1c284ef\" data-element_type=\"container\" data-e-type=\"container\" data-settings=\"{&quot;background_background&quot;:&quot;classic&quot;}\">\n\t\t\t\t<div class=\"elementor-element elementor-element-dfa49da elementor-position-top elementor-widget elementor-widget-image-box\" data-id=\"dfa49da\" data-element_type=\"widget\" data-e-type=\"widget\" data-widget_type=\"image-box.default\">\n\t\t\t\t<div class=\"elementor-widget-container\">\n\t\t\t\t\t<div class=\"elementor-image-box-wrapper\"><figure class=\"elementor-image-box-img\"><img decoding=\"async\" src=\"https:\/\/www.ciberconsulting.cl\/wp-content\/uploads\/elementor\/thumbs\/1-rijb3rogzrollnk7i7ig10zkhkgp1794ltlmdqdgx4.png\" title=\"1\" alt=\"1\" loading=\"lazy\" \/><\/figure><div class=\"elementor-image-box-content\"><h3 class=\"elementor-image-box-title\">C-CaaS: Ciber Compliance as a Service<\/h3><p class=\"elementor-image-box-description\">La evoluci\u00f3n del cumplimiento tradicional hacia la era digital. Transformamos sus logs y eventos t\u00e9cnicos en evidencia viva de debida diligencia. Soluciones dise\u00f1adas para garantizar que su infraestructura cumple, segundo a segundo, con los est\u00e1ndares de las  distitas leyes.<\/p><\/div><\/div>\t\t\t\t<\/div>\n\t\t\t\t<\/div>\n\t\t\t\t<\/div>\n\t\t<div class=\"elementor-element elementor-element-4130edb e-con-full e-flex e-con e-child\" data-id=\"4130edb\" data-element_type=\"container\" data-e-type=\"container\" data-settings=\"{&quot;background_background&quot;:&quot;classic&quot;}\">\n\t\t\t\t<div class=\"elementor-element elementor-element-0d04761 elementor-position-top elementor-widget elementor-widget-image-box\" data-id=\"0d04761\" data-element_type=\"widget\" data-e-type=\"widget\" data-widget_type=\"image-box.default\">\n\t\t\t\t<div class=\"elementor-widget-container\">\n\t\t\t\t\t<div class=\"elementor-image-box-wrapper\"><figure class=\"elementor-image-box-img\"><img decoding=\"async\" src=\"https:\/\/www.ciberconsulting.cl\/wp-content\/uploads\/elementor\/thumbs\/2-rijb3uhzk9sgkhg41qqbqi9y9q2soakbm7k2tk9aeg.png\" title=\"2\" alt=\"2\" loading=\"lazy\" \/><\/figure><div class=\"elementor-image-box-content\"><h3 class=\"elementor-image-box-title\">Blindaje Integral GRC+L<\/h3><p class=\"elementor-image-box-description\">La respuesta 'llave en mano' para Directorios y la Alta Gerencia. Integramos monitoreo, mapa de riesgos din\u00e1mico, prevenci\u00f3n de delitos y reportabilidad autom\u00e1tica. Articulado mediante soluciones tecnol\u00f3gicas de IA. Lo que a un equipo de consultor\u00eda tradicional le toma meses procesar, nuestro sistema lo resuelve en tiempo r\u00e9cord, generando una defensa t\u00e9cnica y legal inquebrantable.<\/p><\/div><\/div>\t\t\t\t<\/div>\n\t\t\t\t<\/div>\n\t\t\t\t<\/div>\n\t\t<div class=\"elementor-element elementor-element-f271c20 e-con-full e-flex e-con e-child\" data-id=\"f271c20\" data-element_type=\"container\" data-e-type=\"container\" data-settings=\"{&quot;background_background&quot;:&quot;classic&quot;}\">\n\t\t\t\t<div class=\"elementor-element elementor-element-d3fca4c elementor-position-top elementor-widget elementor-widget-image-box\" data-id=\"d3fca4c\" data-element_type=\"widget\" data-e-type=\"widget\" data-widget_type=\"image-box.default\">\n\t\t\t\t<div class=\"elementor-widget-container\">\n\t\t\t\t\t<div class=\"elementor-image-box-wrapper\"><figure class=\"elementor-image-box-img\"><img decoding=\"async\" src=\"https:\/\/www.ciberconsulting.cl\/wp-content\/uploads\/elementor\/thumbs\/5-rijb420p2y2r5d56ttzcagdn0t1qdve6b8rynry50o.png\" title=\"5\" alt=\"5\" loading=\"lazy\" \/><\/figure><div class=\"elementor-image-box-content\"><h3 class=\"elementor-image-box-title\">Hacker Universal: Gesti\u00f3n de Superficie de Ataque (ASM)<\/h3><p class=\"elementor-image-box-description\">Actuamos como el 'adversario' para fortalecer su defensa legal. Nuestra plataforma, potenciada por IA, escanea continuamente su superficie digital p\u00fablica para detectar vulnerabilidades antes que los criminales.\nEs la validaci\u00f3n t\u00e9cnica constante que la Ley Marco de Ciberseguridad exige. No es un test anual; es una vigilancia proactiva 24\/7 de sus activos cr\u00edticos.<\/p><\/div><\/div>\t\t\t\t<\/div>\n\t\t\t\t<\/div>\n\t\t\t\t<\/div>\n\t\t\t\t\t<\/div>\n\t\t\t\t<\/div>\n\t\t<div class=\"elementor-element elementor-element-283bc9d e-flex e-con-boxed e-con e-parent\" data-id=\"283bc9d\" data-element_type=\"container\" data-e-type=\"container\" data-settings=\"{&quot;background_background&quot;:&quot;classic&quot;}\">\n\t\t\t\t\t<div class=\"e-con-inner\">\n\t\t<div class=\"elementor-element elementor-element-59d3042 e-con-full e-flex e-con e-child\" data-id=\"59d3042\" data-element_type=\"container\" data-e-type=\"container\" data-settings=\"{&quot;background_background&quot;:&quot;classic&quot;}\">\n\t\t\t\t<div class=\"elementor-element elementor-element-f5561f9 elementor-position-top elementor-widget elementor-widget-image-box\" data-id=\"f5561f9\" data-element_type=\"widget\" data-e-type=\"widget\" data-widget_type=\"image-box.default\">\n\t\t\t\t<div class=\"elementor-widget-container\">\n\t\t\t\t\t<div class=\"elementor-image-box-wrapper\"><figure class=\"elementor-image-box-img\"><img decoding=\"async\" src=\"https:\/\/www.ciberconsulting.cl\/wp-content\/uploads\/elementor\/thumbs\/3-rijb3y9cblxluxanfscu0hbsn9k9j2z8yq60qo3ppk.png\" title=\"3\" alt=\"3\" loading=\"lazy\" \/><\/figure><div class=\"elementor-image-box-content\"><h3 class=\"elementor-image-box-title\">SOC &amp; Respuesta a Incidentes (24\/7)<\/h3><p class=\"elementor-image-box-description\">Centro de Operaciones de Seguridad que monitorea, detecta y neutraliza amenazas en tiempo real. Aseguramos los tiempos de respuesta y los protocolos de notificaci\u00f3n exigidos por la autoridad (ANCI\/CMF), transformando una crisis t\u00e9cnica en una gesti\u00f3n de cumplimiento exitosa.<\/p><\/div><\/div>\t\t\t\t<\/div>\n\t\t\t\t<\/div>\n\t\t\t\t<\/div>\n\t\t<div class=\"elementor-element elementor-element-e0afd95 e-con-full e-flex e-con e-child\" data-id=\"e0afd95\" data-element_type=\"container\" data-e-type=\"container\" data-settings=\"{&quot;background_background&quot;:&quot;classic&quot;}\">\n\t\t\t\t<div class=\"elementor-element elementor-element-fc1ce79 elementor-position-top elementor-widget elementor-widget-image-box\" data-id=\"fc1ce79\" data-element_type=\"widget\" data-e-type=\"widget\" data-widget_type=\"image-box.default\">\n\t\t\t\t<div class=\"elementor-widget-container\">\n\t\t\t\t\t<div class=\"elementor-image-box-wrapper\"><figure class=\"elementor-image-box-img\"><img decoding=\"async\" src=\"https:\/\/www.ciberconsulting.cl\/wp-content\/uploads\/elementor\/thumbs\/4-rijb45s1ua7wfszq7vlukffhecj78nt3nrdwkvskbs.png\" title=\"4\" alt=\"4\" loading=\"lazy\" \/><\/figure><div class=\"elementor-image-box-content\"><h3 class=\"elementor-image-box-title\">Higiene digital y protecci\u00f3n de datos<\/h3><p class=\"elementor-image-box-description\">Gesti\u00f3n de Identidad y Entornos Seguros. Configuraci\u00f3n y blindaje de entornos de trabajo (M365, Google Workspace), gesti\u00f3n de accesos e identidad para evitar fugas de informaci\u00f3n interna.<\/p><\/div><\/div>\t\t\t\t<\/div>\n\t\t\t\t<\/div>\n\t\t\t\t<\/div>\n\t\t\t\t\t<\/div>\n\t\t\t\t<\/div>\n\t\t<div class=\"elementor-element elementor-element-370157d e-flex e-con-boxed e-con e-parent\" data-id=\"370157d\" data-element_type=\"container\" data-e-type=\"container\">\n\t\t\t\t\t<div class=\"e-con-inner\">\n\t\t<div class=\"elementor-element elementor-element-ba63924 e-con-full e-flex e-con e-child\" data-id=\"ba63924\" data-element_type=\"container\" data-e-type=\"container\" data-settings=\"{&quot;background_background&quot;:&quot;classic&quot;}\">\n\t\t<div class=\"elementor-element elementor-element-9a0f9d1 e-con-full e-flex e-con e-child\" data-id=\"9a0f9d1\" data-element_type=\"container\" data-e-type=\"container\">\n\t\t\t\t<div class=\"elementor-element elementor-element-3cce723 elementor-hidden-mobile elementor-invisible elementor-widget elementor-widget-techwix-delimiter\" data-id=\"3cce723\" data-element_type=\"widget\" data-e-type=\"widget\" data-settings=\"{&quot;_animation&quot;:&quot;techwix--slide-up&quot;}\" data-widget_type=\"techwix-delimiter.default\">\n\t\t\t\t<div class=\"elementor-widget-container\">\n\t\t\t\t\t<div class=\"delimiter-wrapper\"><div class=\"delimiter\"><\/div><\/div>\t\t\t\t<\/div>\n\t\t\t\t<\/div>\n\t\t\t\t<div class=\"elementor-element elementor-element-d09904e elementor-invisible elementor-widget elementor-widget-custom-title-addons\" data-id=\"d09904e\" data-element_type=\"widget\" data-e-type=\"widget\" data-settings=\"{&quot;_animation&quot;:&quot;techwix--slide-up&quot;}\" data-widget_type=\"custom-title-addons.default\">\n\t\t\t\t<div class=\"elementor-widget-container\">\n\t\t\t\t\t<div class=\"tpc-double_heading\"><h4 class=\"dbl__title-wrapper\"><span class=\"dbl__title dbl-title_1\">\u00bfTu empresa est\u00e1 realmente protegida contra ciberataques?<\/span><\/h4><\/div>\t\t\t\t<\/div>\n\t\t\t\t<\/div>\n\t\t\t\t<\/div>\n\t\t\t\t<div class=\"elementor-element elementor-element-67b4c71 elementor-view-default elementor-position-top elementor-vertical-align-top elementor-invisible elementor-widget elementor-widget-techwix-custom-icon\" data-id=\"67b4c71\" data-element_type=\"widget\" data-e-type=\"widget\" data-settings=\"{&quot;_animation&quot;:&quot;techwix--slide-up&quot;}\" data-widget_type=\"techwix-custom-icon.default\">\n\t\t\t\t<div class=\"elementor-widget-container\">\n\t\t\t\t\t        <div class=\"elementor-icon-box-wrapper\">\n                        <div class=\"elementor-icon-box-icon\">\n                <span class=\"elementor-icon elementor-animation-\" >\n\n                \n                        \n                            <i><img decoding=\"async\" src=\"https:\/\/www.ciberconsulting.cl\/wp-content\/uploads\/2024\/05\/TECW0036.png\" title=\"TECW0036\" alt=\"TECW0036\" loading=\"lazy\" \/><\/i>\n\n                    \n                <\/span>\n            <\/div>\n                        <div class=\"elementor-icon-box-content\">\n                <h3 class=\"elementor-icon-box-title\">\n                    <span  >\n                        Cont\u00e1ctamos para un primer an\u00e1lisis                    <\/span>\n                <\/h3>\n                                    <p class=\"elementor-icon-box-description\">\n                        +56 9 92994033                    <\/p>\n                            <\/div>\n        <\/div>\n        \t\t\t\t<\/div>\n\t\t\t\t<\/div>\n\t\t\t\t<\/div>\n\t\t\t\t\t<\/div>\n\t\t\t\t<\/div>\n\t\t\t\t<\/div>\n\t\t","protected":false},"excerpt":{"rendered":"<p>Un Ecosistema, todas las respuestas Soluciones de Gobernanza Digital En Ciberconsulting, no entregamos herramientas aisladas; articulamos un ecosistema de blindaje jur\u00eddico.\u00a0Abordamos la ciberseguridad desde la normativa vigente, asegurando que cada control t\u00e9cnico sea una respuesta directa a una exigencia legal espec\u00edfica. C-CaaS: Ciber Compliance as a Service La evoluci\u00f3n del cumplimiento tradicional hacia la era&#8230;<\/p>\n","protected":false},"author":5,"featured_media":0,"parent":0,"menu_order":0,"comment_status":"closed","ping_status":"closed","template":"","meta":{"footnotes":""},"class_list":["post-2922","page","type-page","status-publish","hentry"],"_links":{"self":[{"href":"https:\/\/www.ciberconsulting.cl\/index.php?rest_route=\/wp\/v2\/pages\/2922","targetHints":{"allow":["GET"]}}],"collection":[{"href":"https:\/\/www.ciberconsulting.cl\/index.php?rest_route=\/wp\/v2\/pages"}],"about":[{"href":"https:\/\/www.ciberconsulting.cl\/index.php?rest_route=\/wp\/v2\/types\/page"}],"author":[{"embeddable":true,"href":"https:\/\/www.ciberconsulting.cl\/index.php?rest_route=\/wp\/v2\/users\/5"}],"replies":[{"embeddable":true,"href":"https:\/\/www.ciberconsulting.cl\/index.php?rest_route=%2Fwp%2Fv2%2Fcomments&post=2922"}],"version-history":[{"count":52,"href":"https:\/\/www.ciberconsulting.cl\/index.php?rest_route=\/wp\/v2\/pages\/2922\/revisions"}],"predecessor-version":[{"id":17496,"href":"https:\/\/www.ciberconsulting.cl\/index.php?rest_route=\/wp\/v2\/pages\/2922\/revisions\/17496"}],"wp:attachment":[{"href":"https:\/\/www.ciberconsulting.cl\/index.php?rest_route=%2Fwp%2Fv2%2Fmedia&parent=2922"}],"curies":[{"name":"wp","href":"https:\/\/api.w.org\/{rel}","templated":true}]}}