{"id":2846,"date":"2024-05-21T08:41:13","date_gmt":"2024-05-21T08:41:13","guid":{"rendered":"https:\/\/thepixelcurve.com\/wp\/techwix\/?page_id=2846"},"modified":"2026-03-22T21:57:16","modified_gmt":"2026-03-23T00:57:16","slug":"contacto","status":"publish","type":"page","link":"https:\/\/www.ciberconsulting.cl\/?page_id=2846","title":{"rendered":"Contacto"},"content":{"rendered":"\t\t<div data-elementor-type=\"wp-page\" data-elementor-id=\"2846\" class=\"elementor elementor-2846\">\n\t\t\t\t<div class=\"elementor-element elementor-element-43f3cd7 e-flex e-con-boxed e-con e-parent\" data-id=\"43f3cd7\" data-element_type=\"container\" data-e-type=\"container\">\n\t\t\t\t\t<div class=\"e-con-inner\">\n\t\t<div class=\"elementor-element elementor-element-af80660 e-grid e-con-boxed e-con e-child\" data-id=\"af80660\" data-element_type=\"container\" data-e-type=\"container\">\n\t\t\t\t\t<div class=\"e-con-inner\">\n\t\t<div class=\"elementor-element elementor-element-ed68e5b e-flex e-con-boxed e-con e-child\" data-id=\"ed68e5b\" data-element_type=\"container\" data-e-type=\"container\" data-settings=\"{&quot;background_background&quot;:&quot;classic&quot;}\">\n\t\t\t\t\t<div class=\"e-con-inner\">\n\t\t\t\t<div class=\"elementor-element elementor-element-31f7c08 elementor-view-default elementor-position-top elementor-vertical-align-top elementor-widget elementor-widget-techwix-custom-icon\" data-id=\"31f7c08\" data-element_type=\"widget\" data-e-type=\"widget\" data-widget_type=\"techwix-custom-icon.default\">\n\t\t\t\t<div class=\"elementor-widget-container\">\n\t\t\t\t\t        <div class=\"elementor-icon-box-wrapper\">\n                        <div class=\"elementor-icon-box-icon\">\n                <span class=\"elementor-icon elementor-animation-\" >\n\n                \n                        \n                            <i><img decoding=\"async\" src=\"https:\/\/www.ciberconsulting.cl\/wp-content\/uploads\/2024\/05\/TECW0130.png\" title=\"TECW0130\" alt=\"TECW0130\" loading=\"lazy\" \/><\/i>\n\n                    \n                <\/span>\n            <\/div>\n                        <div class=\"elementor-icon-box-content\">\n                <h3 class=\"elementor-icon-box-title\">\n                    <span  >\n                        Cont\u00e1ctanos                    <\/span>\n                <\/h3>\n                                    <p class=\"elementor-icon-box-description\">\n                        +56 9 92994033                    <\/p>\n                            <\/div>\n        <\/div>\n        \t\t\t\t<\/div>\n\t\t\t\t<\/div>\n\t\t\t\t\t<\/div>\n\t\t\t\t<\/div>\n\t\t<div class=\"elementor-element elementor-element-5271d0f e-flex e-con-boxed e-con e-child\" data-id=\"5271d0f\" data-element_type=\"container\" data-e-type=\"container\" data-settings=\"{&quot;background_background&quot;:&quot;classic&quot;}\">\n\t\t\t\t\t<div class=\"e-con-inner\">\n\t\t\t\t<div class=\"elementor-element elementor-element-01ba5e5 elementor-view-default elementor-position-top elementor-vertical-align-top elementor-widget elementor-widget-techwix-custom-icon\" data-id=\"01ba5e5\" data-element_type=\"widget\" data-e-type=\"widget\" data-widget_type=\"techwix-custom-icon.default\">\n\t\t\t\t<div class=\"elementor-widget-container\">\n\t\t\t\t\t        <div class=\"elementor-icon-box-wrapper\">\n                        <div class=\"elementor-icon-box-icon\">\n                <span class=\"elementor-icon elementor-animation-\" >\n\n                \n                        \n                            <i><img decoding=\"async\" src=\"https:\/\/www.ciberconsulting.cl\/wp-content\/uploads\/2024\/05\/TECW0132.png\" title=\"TECW0132\" alt=\"TECW0132\" loading=\"lazy\" \/><\/i>\n\n                    \n                <\/span>\n            <\/div>\n                        <div class=\"elementor-icon-box-content\">\n                <h3 class=\"elementor-icon-box-title\">\n                    <span  >\n                        Escr\u00edbenos                    <\/span>\n                <\/h3>\n                                    <p class=\"elementor-icon-box-description\">\n                        contacto@ciberconsulting.cl                    <\/p>\n                            <\/div>\n        <\/div>\n        \t\t\t\t<\/div>\n\t\t\t\t<\/div>\n\t\t\t\t\t<\/div>\n\t\t\t\t<\/div>\n\t\t<div class=\"elementor-element elementor-element-d8171f0 e-flex e-con-boxed e-con e-child\" data-id=\"d8171f0\" data-element_type=\"container\" data-e-type=\"container\" data-settings=\"{&quot;background_background&quot;:&quot;classic&quot;}\">\n\t\t\t\t\t<div class=\"e-con-inner\">\n\t\t\t\t<div class=\"elementor-element elementor-element-bf44887 elementor-view-default elementor-position-top elementor-vertical-align-top elementor-widget elementor-widget-techwix-custom-icon\" data-id=\"bf44887\" data-element_type=\"widget\" data-e-type=\"widget\" data-widget_type=\"techwix-custom-icon.default\">\n\t\t\t\t<div class=\"elementor-widget-container\">\n\t\t\t\t\t        <div class=\"elementor-icon-box-wrapper\">\n                        <div class=\"elementor-icon-box-icon\">\n                <span class=\"elementor-icon elementor-animation-\" >\n\n                \n                        \n                            <i><img decoding=\"async\" src=\"https:\/\/www.ciberconsulting.cl\/wp-content\/uploads\/2024\/05\/TECW0131.png\" title=\"TECW0131\" alt=\"TECW0131\" loading=\"lazy\" \/><\/i>\n\n                    \n                <\/span>\n            <\/div>\n                        <div class=\"elementor-icon-box-content\">\n                <h3 class=\"elementor-icon-box-title\">\n                    <span  >\n                        Vis\u00edtanos                    <\/span>\n                <\/h3>\n                                    <p class=\"elementor-icon-box-description\">\n                        Bajadoz #45. piso 16, Las Condes <br>Providencia - Santiago - Chile                    <\/p>\n                            <\/div>\n        <\/div>\n        \t\t\t\t<\/div>\n\t\t\t\t<\/div>\n\t\t\t\t\t<\/div>\n\t\t\t\t<\/div>\n\t\t\t\t\t<\/div>\n\t\t\t\t<\/div>\n\t\t\t\t\t<\/div>\n\t\t\t\t<\/div>\n\t\t<div class=\"elementor-element elementor-element-13ca6cb e-flex e-con-boxed e-con e-parent\" data-id=\"13ca6cb\" data-element_type=\"container\" data-e-type=\"container\">\n\t\t\t\t\t<div class=\"e-con-inner\">\n\t\t\t\t<div class=\"elementor-element elementor-element-36b5020 elementor-widget elementor-widget-heading\" data-id=\"36b5020\" data-element_type=\"widget\" data-e-type=\"widget\" data-widget_type=\"heading.default\">\n\t\t\t\t<div class=\"elementor-widget-container\">\n\t\t\t\t\t<h2 class=\"elementor-heading-title elementor-size-default\">Env\u00edanos tus requerimientos<\/h2>\t\t\t\t<\/div>\n\t\t\t\t<\/div>\n\t\t\t\t\t<\/div>\n\t\t\t\t<\/div>\n\t\t<div class=\"elementor-element elementor-element-dee70f9 e-flex e-con-boxed e-con e-parent\" data-id=\"dee70f9\" data-element_type=\"container\" data-e-type=\"container\">\n\t\t\t\t\t<div class=\"e-con-inner\">\n\t\t\t\t<div class=\"elementor-element elementor-element-26aa04f elementor-widget elementor-widget-form\" data-id=\"26aa04f\" data-element_type=\"widget\" data-e-type=\"widget\" data-widget_type=\"form.default\">\n\t\t\t\t<div class=\"elementor-widget-container\">\n\t\t\t\t\t \t\t\t\t<\/div>\n\t\t\t\t<\/div>\n\t\t\t\t\t<\/div>\n\t\t\t\t<\/div>\n\t\t\t\t<\/div>\n\t\t","protected":false},"excerpt":{"rendered":"<p>Cont\u00e1ctanos +56 9 92994033 Escr\u00edbenos contacto@ciberconsulting.cl Vis\u00edtanos Bajadoz #45. piso 16, Las Condes Providencia &#8211; Santiago &#8211; Chile Env\u00edanos tus requerimientos<\/p>\n","protected":false},"author":5,"featured_media":0,"parent":0,"menu_order":0,"comment_status":"closed","ping_status":"closed","template":"","meta":{"footnotes":""},"class_list":["post-2846","page","type-page","status-publish","hentry"],"_links":{"self":[{"href":"https:\/\/www.ciberconsulting.cl\/index.php?rest_route=\/wp\/v2\/pages\/2846","targetHints":{"allow":["GET"]}}],"collection":[{"href":"https:\/\/www.ciberconsulting.cl\/index.php?rest_route=\/wp\/v2\/pages"}],"about":[{"href":"https:\/\/www.ciberconsulting.cl\/index.php?rest_route=\/wp\/v2\/types\/page"}],"author":[{"embeddable":true,"href":"https:\/\/www.ciberconsulting.cl\/index.php?rest_route=\/wp\/v2\/users\/5"}],"replies":[{"embeddable":true,"href":"https:\/\/www.ciberconsulting.cl\/index.php?rest_route=%2Fwp%2Fv2%2Fcomments&post=2846"}],"version-history":[{"count":12,"href":"https:\/\/www.ciberconsulting.cl\/index.php?rest_route=\/wp\/v2\/pages\/2846\/revisions"}],"predecessor-version":[{"id":17604,"href":"https:\/\/www.ciberconsulting.cl\/index.php?rest_route=\/wp\/v2\/pages\/2846\/revisions\/17604"}],"wp:attachment":[{"href":"https:\/\/www.ciberconsulting.cl\/index.php?rest_route=%2Fwp%2Fv2%2Fmedia&parent=2846"}],"curies":[{"name":"wp","href":"https:\/\/api.w.org\/{rel}","templated":true}]}}